{"id":1344,"date":"2024-05-22T10:56:11","date_gmt":"2024-05-22T10:56:11","guid":{"rendered":"https:\/\/www.smartdatasystem.es\/es\/?page_id=1344"},"modified":"2025-04-29T14:20:40","modified_gmt":"2025-04-29T14:20:40","slug":"avviso-legale","status":"publish","type":"page","link":"https:\/\/www.smartdatasystem.es\/es\/aviso-legal\/","title":{"rendered":"AVISO LEGAL"},"content":{"rendered":"<p>El presente Aviso Legal regula el uso del servicio del portal de Internet con direcci\u00f3n HTTPS:\/\/WWW.SMARTDATASYSTEM.ES\/, cuyo responsable a efectos identificativos es:<\/p>\n<ul>\n<li>Responsable: MYCELIUM NETWORKS SL<\/li>\n<li>NIF: B66849837<\/li>\n<li>Direcci\u00f3n: C\/ Zamora 46, 5-1 A, 08005 Barcelona<\/li>\n<li>Tel\u00e9fono: 931437158<\/li>\n<li>Mail: INFO@SMARTDATASYSTEM.ES<\/li>\n<\/ul>\n<h2>Legislaci\u00f3n<\/h2>\n<p>Con car\u00e1cter general las relaciones entre MYCELIUM NETWORKS SL con los Usuarios de sus servicios telem\u00e1ticos, presentes en la web, se encuentran sometidas a la legislaci\u00f3n y jurisdicci\u00f3n espa\u00f1olas.<\/p>\n<p>Las partes renuncian expresamente al fuero que les pudiera corresponder y someten expresamente a los Juzgados y Tribunales de BARCELONA para resolver cualquier controversia que pudiera surgir en la interpretaci\u00f3n o ejecuci\u00f3n de las presentes condiciones contractuales.<\/p>\n<h2>Contenido y Uso<\/h2>\n<p>El Usuario queda informado, y acepta, que el acceso a la presente web no supone, en modo alguno, el inicio de una relaci\u00f3n comercial con MYCELIUM NETWORKS SL. El titular del web no se identifica con las opiniones vertidas en el mismo por sus colaboradores. La Empresa se reserva el derecho de efectuar sin previo aviso las modificaciones que considere oportunas en su Web, pudiendo cambiar, suprimir o a\u00f1adir tanto los contenidos y servicios que se presten a trav\u00e9s de la misma como la forma en la que \u00e9stos aparezcan presentados o localizados en sus servidores.<\/p>\n<h2>Propiedad intelectual e industrial<\/h2>\n<p>Los derechos de propiedad intelectual del contenido de las p\u00e1ginas web, su dise\u00f1o gr\u00e1fico y c\u00f3digos son titularidad de MYCELIUM NETWORKS SL y, por tanto, queda prohibida su reproducci\u00f3n, distribuci\u00f3n, comunicaci\u00f3n p\u00fablica, transformaci\u00f3n o cualquier otra actividad que se pueda realizar con los contenidos de sus p\u00e1ginas web ni aun citando las fuentes, salvo consentimiento por escrito de MYCELIUM NETWORKS SL Todos los nombres comerciales, marcas o signos distintos de cualquier clase contenidos en las p\u00e1ginas web de la Empresa son propiedad de sus due\u00f1os y est\u00e1n protegidos por ley.<\/p>\n<h2>Enlaces (Links)<\/h2>\n<p>La presencia de enlaces (links) en las p\u00e1ginas web de MYCELIUM NETWORKS SL tiene finalidad meramente informativa y en ning\u00fan caso supone sugerencia, invitaci\u00f3n o recomendaci\u00f3n sobre los mismos.<\/p>","protected":false},"excerpt":{"rendered":"<p>El presente Aviso Legal regula el uso del servicio del portal de Internet con direcci\u00f3n HTTPS:\/\/WWW.SMARTDATASYSTEM.ES\/, cuyo responsable a efectos identificativos es: Responsable: MYCELIUM NETWORKS SL NIF: B66849837 Direcci\u00f3n: C\/ Zamora 46, 5-1 A, 08005 Barcelona Tel\u00e9fono: 931437158 Mail: INFO@SMARTDATASYSTEM.ES Legislaci\u00f3n Con car\u00e1cter general las relaciones entre MYCELIUM NETWORKS SL con los Usuarios de sus&hellip;<\/p>\n","protected":false},"author":1,"featured_media":0,"parent":0,"menu_order":0,"comment_status":"closed","ping_status":"closed","template":"","meta":[],"_links":{"self":[{"href":"https:\/\/www.smartdatasystem.es\/es\/wp-json\/wp\/v2\/pages\/1344"}],"collection":[{"href":"https:\/\/www.smartdatasystem.es\/es\/wp-json\/wp\/v2\/pages"}],"about":[{"href":"https:\/\/www.smartdatasystem.es\/es\/wp-json\/wp\/v2\/types\/page"}],"author":[{"embeddable":true,"href":"https:\/\/www.smartdatasystem.es\/es\/wp-json\/wp\/v2\/users\/1"}],"replies":[{"embeddable":true,"href":"https:\/\/www.smartdatasystem.es\/es\/wp-json\/wp\/v2\/comments?post=1344"}],"version-history":[{"count":4,"href":"https:\/\/www.smartdatasystem.es\/es\/wp-json\/wp\/v2\/pages\/1344\/revisions"}],"predecessor-version":[{"id":4003,"href":"https:\/\/www.smartdatasystem.es\/es\/wp-json\/wp\/v2\/pages\/1344\/revisions\/4003"}],"wp:attachment":[{"href":"https:\/\/www.smartdatasystem.es\/es\/wp-json\/wp\/v2\/media?parent=1344"}],"curies":[{"name":"wp","href":"https:\/\/api.w.org\/{rel}","templated":true}]}}