{"id":19,"date":"2016-09-23T08:48:43","date_gmt":"2016-09-23T08:48:43","guid":{"rendered":"http:\/\/smart.nettingbt.com\/\/?page_id=19"},"modified":"2024-05-27T12:29:56","modified_gmt":"2024-05-27T12:29:56","slug":"home","status":"publish","type":"page","link":"https:\/\/www.smartdatasystem.es\/es\/","title":{"rendered":"Home"},"content":{"rendered":"<p>[vc_row type=\u00bbvc_default\u00bb bg_type=\u00bbgrad\u00bb bg_override=\u00bbfull\u00bb bg_grad=\u00bbbackground: -webkit-gradient(linear, left top, left bottom, color-stop(26%, #090B0F), color-stop(91%, #182A38));background: -moz-linear-gradient(top,#090B0F 26%,#182A38 91%);background: -webkit-linear-gradient(top,#090B0F 26%,#182A38 91%);background: -o-linear-gradient(top,#090B0F 26%,#182A38 91%);background: -ms-linear-gradient(top,#090B0F 26%,#182A38 91%);background: linear-gradient(top,#090B0F 26%,#182A38 91%);\u00bb css=\u00bb.vc_custom_1477267104563{margin-top: -55px !important;}\u00bb][vc_column][vc_empty_space][vc_custom_heading text=\u00bbSMARTDATASYSTEM HARDWARE-AGNOSTIC CLOUD IoT PLATFORM\u00bb font_container=\u00bbtag:h3|text_align:center|color:%23ffffff\u00bb google_fonts=\u00bbfont_family:Roboto%3A100%2C100italic%2C300%2C300italic%2Cregular%2Citalic%2C500%2C500italic%2C700%2C700italic%2C900%2C900italic|font_style:500%20bold%20regular%3A500%3Anormal\u00bb][vc_empty_space][vc_row_inner equal_height=\u00bbyes\u00bb][vc_column_inner][vc_single_image image=\u00bb811&#8243; img_size=\u00bbfull\u00bb alignment=\u00bbcenter\u00bb onclick=\u00bblink_image\u00bb image_hovers=\u00bbfalse\u00bb][\/vc_column_inner][\/vc_row_inner][vc_row_inner][vc_column_inner width=\u00bb1\/4&#8243;][vc_custom_heading text=\u00bbActivos a Bordo\u00bb font_container=\u00bbtag:h4|text_align:center|color:%23ffffff\u00bb google_fonts=\u00bbfont_family:Roboto%3A100%2C100italic%2C300%2C300italic%2Cregular%2Citalic%2C500%2C500italic%2C700%2C700italic%2C900%2C900italic|font_style:500%20bold%20regular%3A500%3Anormal\u00bb][vc_column_text]<span style=\"color: #d9d9d9;\">Env\u00eda y recibe datos de cualquier dispositivo o sensor a la Plataforma SmartDataSystem y util\u00edzalos en tus soluciones.<\/span>[\/vc_column_text][\/vc_column_inner][vc_column_inner width=\u00bb1\/4&#8243;][vc_custom_heading text=\u00bbProporciona Conectividad\u00bb font_container=\u00bbtag:h4|text_align:center|color:%23ffffff\u00bb google_fonts=\u00bbfont_family:Roboto%3A100%2C100italic%2C300%2C300italic%2Cregular%2Citalic%2C500%2C500italic%2C700%2C700italic%2C900%2C900italic|font_style:500%20bold%20regular%3A500%3Anormal\u00bb][vc_column_text]<span style=\"color: #d9d9d9;\">Conecta dispositivos que no est\u00e1n listos para IoT usando nuestro SDS Gateway o integra tu propio gateway o dispositivo directamente utilizando los Dispositivos de Conectividad Sentilo.<\/span>[\/vc_column_text][\/vc_column_inner][vc_column_inner width=\u00bb1\/4&#8243;][vc_custom_heading text=\u00bbGestiona tu Implementaci\u00f3n IoT\u00bb font_container=\u00bbtag:h4|text_align:center|color:%23ffffff\u00bb google_fonts=\u00bbfont_family:Roboto%3A100%2C100italic%2C300%2C300italic%2Cregular%2Citalic%2C500%2C500italic%2C700%2C700italic%2C900%2C900italic|font_style:500%20bold%20regular%3A500%3Anormal\u00bb][vc_column_text]<span style=\"color: #d9d9d9;\">Configura y gestiona todos tus sensores y dispositivos desde un solo lugar y obt\u00e9n informaci\u00f3n valiosa de tus datos IoT.<\/span>[\/vc_column_text][\/vc_column_inner][vc_column_inner width=\u00bb1\/4&#8243;][vc_custom_heading text=\u00bbCrea Aplicaciones\u00bb font_container=\u00bbtag:h4|text_align:center|color:%23ffffff\u00bb google_fonts=\u00bbfont_family:Roboto%3A100%2C100italic%2C300%2C300italic%2Cregular%2Citalic%2C500%2C500italic%2C700%2C700italic%2C900%2C900italic|font_style:500%20bold%20regular%3A500%3Anormal\u00bb][vc_column_text]<span style=\"color: #d9d9d9;\">Crea aplicaciones inteligentes en tu \u00e1rea de especializaci\u00f3n que se conecten a cualquier dispositivo y sus datos, a trav\u00e9s de la interfaz web o de la API de Aplicaciones.<\/span>[\/vc_column_text][\/vc_column_inner][\/vc_row_inner][vc_empty_space][\/vc_column][\/vc_row][vc_row type=\u00bbvc_default\u00bb bg_type=\u00bbbg_color\u00bb bg_override=\u00bbfull\u00bb bg_color_value=\u00bb#ffffff\u00bb][vc_column][vc_empty_space][vc_custom_heading text=\u00bbM\u00d3DULOS DE PLATAFORMA\u00bb font_container=\u00bbtag:h3|text_align:center|color:%230c0c0c\u00bb google_fonts=\u00bbfont_family:Roboto%3A100%2C100italic%2C300%2C300italic%2Cregular%2Citalic%2C500%2C500italic%2C700%2C700italic%2C900%2C900italic|font_style:500%20bold%20regular%3A500%3Anormal\u00bb][vc_empty_space][vc_row_inner][vc_column_inner width=\u00bb1\/6&#8243;][vc_single_image image=\u00bb578&#8243; img_size=\u00bb60&#215;60&#8243; alignment=\u00bbright\u00bb][\/vc_column_inner][vc_column_inner width=\u00bb2\/6&#8243;][vc_custom_heading text=\u00bbSensors &amp; Devices<br \/>\nManager\u00bb font_container=\u00bbtag:h3|text_align:left|color:%23000000&#8243; google_fonts=\u00bbfont_family:Roboto%3A100%2C100italic%2C300%2C300italic%2Cregular%2Citalic%2C500%2C500italic%2C700%2C700italic%2C900%2C900italic|font_style:300%20light%20regular%3A300%3Anormal\u00bb][\/vc_column_inner][vc_column_inner width=\u00bb3\/6&#8243;][vc_column_text css=\u00bb.vc_custom_1716812734476{margin-left: -150px !important;}\u00bb]Conecta y gestiona tus sensores, controladores y cualquier otro dispositivo, y realiza tareas de monitoreo en tiempo real basadas en la ubicaci\u00f3n. Este m\u00f3dulo todo en uno incluye todo lo que necesitas para construir soluciones industriales verticales o aplicaciones espec\u00edficas.[\/vc_column_text][\/vc_column_inner][\/vc_row_inner][vc_separator color=\u00bbcustom\u00bb accent_color=\u00bbrgba(135,135,135,0.24)\u00bb][vc_row_inner][vc_column_inner width=\u00bb1\/6&#8243;][vc_single_image image=\u00bb576&#8243; img_size=\u00bb60&#215;60&#8243; alignment=\u00bbright\u00bb][\/vc_column_inner][vc_column_inner width=\u00bb2\/6&#8243;][vc_empty_space height=\u00bb18px\u00bb][vc_custom_heading text=\u00bbData &amp; Analytics\u00bb font_container=\u00bbtag:h3|text_align:left|color:%23000000&#8243; google_fonts=\u00bbfont_family:Roboto%3A100%2C100italic%2C300%2C300italic%2Cregular%2Citalic%2C500%2C500italic%2C700%2C700italic%2C900%2C900italic|font_style:300%20light%20regular%3A300%3Anormal\u00bb][\/vc_column_inner][vc_column_inner width=\u00bb3\/6&#8243; css=\u00bb.vc_custom_1716812774328{margin-left: -150px !important;}\u00bb][vc_column_text]Crea informes personalizados para tus soluciones, valida los datos que se recopilan de los dispositivos y gestiona valores individuales cuando sea necesario.[\/vc_column_text][\/vc_column_inner][\/vc_row_inner][vc_separator color=\u00bbcustom\u00bb accent_color=\u00bbrgba(135,135,135,0.24)\u00bb][vc_row_inner][vc_column_inner width=\u00bb1\/6&#8243;][vc_single_image image=\u00bb798&#8243; img_size=\u00bb60&#215;60&#8243; alignment=\u00bbright\u00bb][\/vc_column_inner][vc_column_inner width=\u00bb2\/6&#8243;][vc_empty_space height=\u00bb18px\u00bb][vc_custom_heading text=\u00bbApplications\u00bb font_container=\u00bbtag:h3|text_align:left|color:%23000000&#8243; google_fonts=\u00bbfont_family:Roboto%3A100%2C100italic%2C300%2C300italic%2Cregular%2Citalic%2C500%2C500italic%2C700%2C700italic%2C900%2C900italic|font_style:300%20light%20regular%3A300%3Anormal\u00bb][\/vc_column_inner][vc_column_inner width=\u00bb3\/6&#8243;][vc_column_text css=\u00bb.vc_custom_1716812794281{margin-left: -150px !important;}\u00bb]A\u00f1ade valor a tu soluci\u00f3n creando la aplicaci\u00f3n que tu cliente necesita y compl\u00e9tala con nuestros m\u00f3dulos integrados para la Gesti\u00f3n de Energ\u00eda y la Automatizaci\u00f3n de Procesos.[\/vc_column_text][\/vc_column_inner][\/vc_row_inner][vc_empty_space height=\u00bb62px\u00bb][\/vc_column][\/vc_row]<\/p>","protected":false},"excerpt":{"rendered":"<p>[vc_row type=\u00bbvc_default\u00bb bg_type=\u00bbgrad\u00bb bg_override=\u00bbfull\u00bb bg_grad=\u00bbbackground: -webkit-gradient(linear, left top, left bottom, color-stop(26%, #090B0F), color-stop(91%, #182A38));background: -moz-linear-gradient(top,#090B0F 26%,#182A38 91%);background: -webkit-linear-gradient(top,#090B0F 26%,#182A38 91%);background: -o-linear-gradient(top,#090B0F 26%,#182A38 91%);background: -ms-linear-gradient(top,#090B0F 26%,#182A38 91%);background: linear-gradient(top,#090B0F 26%,#182A38 91%);\u00bb css=\u00bb.vc_custom_1477267104563{margin-top: -55px !important;}\u00bb][vc_column][vc_empty_space][vc_custom_heading text=\u00bbSMARTDATASYSTEM HARDWARE-AGNOSTIC CLOUD IoT PLATFORM\u00bb font_container=\u00bbtag:h3|text_align:center|color:%23ffffff\u00bb google_fonts=\u00bbfont_family:Roboto%3A100%2C100italic%2C300%2C300italic%2Cregular%2Citalic%2C500%2C500italic%2C700%2C700italic%2C900%2C900italic|font_style:500%20bold%20regular%3A500%3Anormal\u00bb][vc_empty_space][vc_row_inner equal_height=\u00bbyes\u00bb][vc_column_inner][vc_single_image image=\u00bb811&#8243; img_size=\u00bbfull\u00bb alignment=\u00bbcenter\u00bb onclick=\u00bblink_image\u00bb image_hovers=\u00bbfalse\u00bb][\/vc_column_inner][\/vc_row_inner][vc_row_inner][vc_column_inner width=\u00bb1\/4&#8243;][vc_custom_heading text=\u00bbActivos a Bordo\u00bb font_container=\u00bbtag:h4|text_align:center|color:%23ffffff\u00bb google_fonts=\u00bbfont_family:Roboto%3A100%2C100italic%2C300%2C300italic%2Cregular%2Citalic%2C500%2C500italic%2C700%2C700italic%2C900%2C900italic|font_style:500%20bold%20regular%3A500%3Anormal\u00bb][vc_column_text]Env\u00eda y recibe datos de&hellip;<\/p>\n","protected":false},"author":1,"featured_media":0,"parent":0,"menu_order":0,"comment_status":"closed","ping_status":"closed","template":"","meta":[],"_links":{"self":[{"href":"https:\/\/www.smartdatasystem.es\/es\/wp-json\/wp\/v2\/pages\/19"}],"collection":[{"href":"https:\/\/www.smartdatasystem.es\/es\/wp-json\/wp\/v2\/pages"}],"about":[{"href":"https:\/\/www.smartdatasystem.es\/es\/wp-json\/wp\/v2\/types\/page"}],"author":[{"embeddable":true,"href":"https:\/\/www.smartdatasystem.es\/es\/wp-json\/wp\/v2\/users\/1"}],"replies":[{"embeddable":true,"href":"https:\/\/www.smartdatasystem.es\/es\/wp-json\/wp\/v2\/comments?post=19"}],"version-history":[{"count":110,"href":"https:\/\/www.smartdatasystem.es\/es\/wp-json\/wp\/v2\/pages\/19\/revisions"}],"predecessor-version":[{"id":1402,"href":"https:\/\/www.smartdatasystem.es\/es\/wp-json\/wp\/v2\/pages\/19\/revisions\/1402"}],"wp:attachment":[{"href":"https:\/\/www.smartdatasystem.es\/es\/wp-json\/wp\/v2\/media?parent=19"}],"curies":[{"name":"wp","href":"https:\/\/api.w.org\/{rel}","templated":true}]}}