{"id":1333,"date":"2024-05-22T10:47:00","date_gmt":"2024-05-22T10:47:00","guid":{"rendered":"https:\/\/www.smartdatasystem.es\/?page_id=1333"},"modified":"2025-04-29T14:53:20","modified_gmt":"2025-04-29T14:53:20","slug":"privacy-policy","status":"publish","type":"page","link":"https:\/\/www.smartdatasystem.es\/it\/auto-draft-2\/","title":{"rendered":"POLITICA SULLA RISERVATEZZA"},"content":{"rendered":"<p>La presente Informativa sulla privacy regola l&#8217;utilizzo del servizio del portale Internet con indirizzo HTTPS:\/\/WWW.SMARTDATASYSTEM.ES\/, la cui persona responsabile a fini di identificazione \u00e8:<\/p>\n<ul>\n<li>Responsabile: MYCELIUM NETWORKS SL<\/li>\n<li>NIF: B66849837<\/li>\n<li>Indirizzo: C\/ Zamora 46, 5-1 A, 08005 Barcelona<\/li>\n<li>Telefono: 931437158<\/li>\n<li>E-mail: INFO@SMARTDATASYSTEM.ES<\/li>\n<\/ul>\n<h2>Scopo, perch\u00e9 trattiamo i tuoi dati?<\/h2>\n<p>Ai fini delle disposizioni del RGPD del 27 aprile 2016 e della LO 3\/2018, tratteremo i dati che raccogliamo per i seguenti scopi:<\/p>\n<ul>\n<li>Contattarti se ci chiedi di farlo.<\/li>\n<li>Gestisci la tua navigazione web, se applicabile.<\/li>\n<li>Inviarti comunicazioni commerciali sui nostri prodotti e servizi.<\/li>\n<\/ul>\n<p>Tuttavia, l&#8217;utente \u00e8 informato che in ogni modulo di contatto sar\u00e0 informato dell&#8217;uso che verr\u00e0 fatto dei dati ottenuti e, se verranno utilizzati per uno scopo diverso, detto consenso sar\u00e0 ottenuto previamente ed espressamente. Se il consenso dell&#8217;interessato viene prestato nell&#8217;ambito di una dichiarazione scritta che si riferisce anche ad altre questioni, la richiesta di consenso sar\u00e0 presentata con tale modalit\u00e0.<br \/>\nin modo chiaramente distinto da altri argomenti, in modo comprensibile e facilmente accessibile e utilizzando un linguaggio chiaro e semplice, in conformit\u00e0 con l&#8217;articolo 7.2 del RGPD del 27 aprile 2016.<\/p>\n<h2>Legittimizzazione, qual \u00e8 la legittimit\u00e0 del trattamento dei tuoi dati?<\/h2>\n<p>La base giuridica del trattamento dei Suoi dati sar\u00e0 basata su:<\/p>\n<p>Il consenso dell&#8217;interessato, per il trattamento dei propri dati, ai sensi dell&#8217;articolo 6.1.a) del Regolamento generale europeo sulla protezione dei dati. Per l&#8217;esecuzione necessaria di un contratto di cui l&#8217;interessato \u00e8 parte o per l&#8217;applicazione su sua richiesta di misure precontrattuali, ai sensi dell&#8217;articolo 6.1.b) del Regolamento Europeo sulla Protezione dei Dati Personali.<\/p>\n<h2>Destinatari A chi comunichiamo i tuoi dati?<\/h2>\n<p>I dati personali non verranno ceduti se non in ottemperanza agli obblighi previsti dalla legge o per supportare i servizi ad essi collegati<br \/>\nquesto trattamento.<\/p>\n<h2>Conservazione, per quanto tempo conserviamo i tuoi dati?<\/h2>\n<p>Conserveremo i tuoi dati personali per almeno 5 anni se sei un cliente e per il rigoroso rispetto degli obblighi legali stabiliti dalla normativa.<\/p>\n<p>Se non sei un cliente, conserveremo i tuoi dati per il tempo minimo necessario alla gestione del nostro rapporto.<\/p>\n<h2>Diritti, quali sono i tuoi diritti quando ci fornisci i tuoi dati?<\/h2>\n<p>Chiunque ha il diritto di ottenere la conferma che sia o meno in corso un trattamento di dati personali che lo riguardano.<\/p>\n<p>Le persone interessate hanno il diritto di accedere ai propri dati personali, nonch\u00e9 di richiedere la rettifica di dati inesatti o, se del caso, richiederne la cancellazione quando, tra le altre ragioni, i dati non sono pi\u00f9 necessari per gli scopi per i quali sono stati raccolti. .<\/p>\n<p>In determinate circostanze, gli interessati possono richiedere la limitazione del trattamento dei propri dati, nel qual caso li conserveremo solo per l&#8217;esercizio o la difesa dei reclami. In determinate circostanze e per motivi legati alla loro situazione particolare, gli interessati possono opporsi al trattamento dei loro dati. In tal caso i dati non verranno pi\u00f9 trattati, se non per motivi legittimi o per l&#8217;esercizio o la difesa di eventuali pretese.<\/p>\n<p>Gli interessati possono richiedere la portabilit\u00e0 dei dati per ottenere i dati da loro forniti in un formato strutturato, di uso comune e leggibile da dispositivo automatico, per essere essi stessi scaricati o trasmessi ad altro soggetto. L&#8217;interessato pu\u00f2 esercitare i propri diritti inviando una e-mail all&#8217;indirizzo di posta elettronica INFO@SMARTDATASYSTEM.ES o, se del caso, all&#8217;indirizzo fisico MARIE CURIE 8-14.<\/p>\n<h2>Consenso minorenne, cosa succede se sei minorenne?<\/h2>\n<p>Nel caso in cui alcuni dei nostri servizi siano specificamente rivolti a bambini di et\u00e0 inferiore a quattordici anni, chiederemo il consenso dei genitori o dei tutori per la raccolta dei dati personali o, se del caso, per il trattamento automatizzato dei dati ai sensi dell&#8217;articolo 7 del LOPDGDD.<\/p>\n<h2>Accuratezza, veridicit\u00e0 e sicurezza dei dati, come trattiamo i tuoi dati?<\/h2>\n<p>L&#8217;Utente \u00e8 l&#8217;unico responsabile della veridicit\u00e0 e della correttezza dei dati inseriti, esonerandoci da qualsiasi responsabilit\u00e0 al riguardo. Gli Utenti garantiscono e sono responsabili, in ogni caso, dell&#8217;esattezza, della validit\u00e0 e dell&#8217;autenticit\u00e0 dei dati personali forniti, e si impegnano a mantenerli debitamente aggiornati. L&#8217;utente si impegna a fornire informazioni complete e corrette nei moduli di<br \/>\nregistrazione o abbonamento. Non saremo responsabili della veridicit\u00e0 delle informazioni che non sono di nostra creazione e per le quali \u00e8 indicata un&#8217;altra fonte, quindi non ci assumiamo alcuna responsabilit\u00e0.<\/p>","protected":false},"excerpt":{"rendered":"<p>La presente Informativa sulla privacy regola l&#8217;utilizzo del servizio del portale Internet con indirizzo HTTPS:\/\/WWW.SMARTDATASYSTEM.ES\/, la cui persona responsabile a fini di identificazione \u00e8: Responsabile: MYCELIUM NETWORKS SL NIF: B66849837 Indirizzo: C\/ Zamora 46, 5-1 A, 08005 Barcelona Telefono: 931437158 E-mail: INFO@SMARTDATASYSTEM.ES Scopo, perch\u00e9 trattiamo i tuoi dati? Ai fini delle disposizioni del RGPD del&hellip;<\/p>\n","protected":false},"author":1,"featured_media":0,"parent":0,"menu_order":0,"comment_status":"closed","ping_status":"closed","template":"","meta":[],"_links":{"self":[{"href":"https:\/\/www.smartdatasystem.es\/it\/wp-json\/wp\/v2\/pages\/1333"}],"collection":[{"href":"https:\/\/www.smartdatasystem.es\/it\/wp-json\/wp\/v2\/pages"}],"about":[{"href":"https:\/\/www.smartdatasystem.es\/it\/wp-json\/wp\/v2\/types\/page"}],"author":[{"embeddable":true,"href":"https:\/\/www.smartdatasystem.es\/it\/wp-json\/wp\/v2\/users\/1"}],"replies":[{"embeddable":true,"href":"https:\/\/www.smartdatasystem.es\/it\/wp-json\/wp\/v2\/comments?post=1333"}],"version-history":[{"count":5,"href":"https:\/\/www.smartdatasystem.es\/it\/wp-json\/wp\/v2\/pages\/1333\/revisions"}],"predecessor-version":[{"id":4005,"href":"https:\/\/www.smartdatasystem.es\/it\/wp-json\/wp\/v2\/pages\/1333\/revisions\/4005"}],"wp:attachment":[{"href":"https:\/\/www.smartdatasystem.es\/it\/wp-json\/wp\/v2\/media?parent=1333"}],"curies":[{"name":"wp","href":"https:\/\/api.w.org\/{rel}","templated":true}]}}