{"id":1344,"date":"2024-05-22T10:56:11","date_gmt":"2024-05-22T10:56:11","guid":{"rendered":"https:\/\/www.smartdatasystem.es\/es\/?page_id=1344"},"modified":"2025-04-29T14:20:40","modified_gmt":"2025-04-29T14:20:40","slug":"avviso-legale","status":"publish","type":"page","link":"https:\/\/www.smartdatasystem.es\/it\/espanol-aviso-legal\/","title":{"rendered":"AVVISO LEGALE"},"content":{"rendered":"<p>Il presente Avviso Legale regola l&#8217;utilizzo del servizio del portale Internet con indirizzo HTTPS:\/\/WWW.SMARTDATASYSTEM.ES\/, la cui persona responsabile a fini di identificazione \u00e8:<\/p>\n<ul>\n<li>Responsabile: MYCELIUM NETWORKS SL<\/li>\n<li>NIF: B66849837<\/li>\n<li>Indirizzo: C\/ Zamora 46, 5-1 A, 08005 Barcelona<\/li>\n<li>Telefono: 931437158<\/li>\n<li>E-mail: INFO@SMARTDATASYSTEM.ES<\/li>\n<\/ul>\n<h2>Legislazione<\/h2>\n<p>In generale, i rapporti tra MYCELIUM NETWORKS SL e gli Utenti dei suoi servizi telematici, presenti sul sito web, sono soggetti alla legislazione e alla giurisdizione spagnola.<\/p>\n<p>Le parti rinunciano espressamente a qualsiasi giurisdizione che possa applicarsi a loro e si sottomettono espressamente alle Corti e ai Tribunali di BARCELONA per risolvere qualsiasi controversia che possa sorgere nell&#8217;interpretazione o nell&#8217;esecuzione delle presenti condizioni contrattuali.<\/p>\n<h2>Contenuto e utilizzo<\/h2>\n<p>L&#8217;Utente \u00e8 informato e accetta che l&#8217;accesso a questo sito Web non implica in alcun modo l&#8217;inizio di un rapporto commerciale con MYCELIUM NETWORKS SL. Il titolare del sito non si identifica con le opinioni ivi espresse dai suoi collaboratori. La Societ\u00e0 si riserva il diritto di apportare, senza preavviso, le modifiche che ritiene opportune al proprio Sito Web e pu\u00f2 modificare, eliminare o aggiungere sia i contenuti che i servizi forniti attraverso di esso, nonch\u00e9 il modo in cui sono presentati o posizionati sui propri server .<\/p>\n<h2>Propriet\u00e0 intellettuale e industriale<\/h2>\n<p>I diritti di propriet\u00e0 intellettuale del contenuto delle pagine web, della loro progettazione grafica e dei codici sono di propriet\u00e0 di MYCELIUM NETWORKS SL e, pertanto, \u00e8 vietata la loro riproduzione, distribuzione, comunicazione pubblica, trasformazione o qualsiasi altra attivit\u00e0 che possa essere realizzata con i contenuti. . delle sue pagine web, nemmeno citando le fonti, senza il consenso scritto di MYCELIUM NETWORKS SL Tutti i nomi commerciali, marchi o segni diversi di qualsiasi tipo contenuti nelle pagine web della Societ\u00e0 sono di propriet\u00e0 dei rispettivi proprietari e sono protetti dalla legge.<\/p>\n<h2>Collegamenti<\/h2>\n<p>La presenza di collegamenti nelle pagine web di MYCELIUM NETWORKS SL ha scopi puramente informativi e non implica in nessun caso un suggerimento, un invito o una raccomandazione in merito agli stessi.<\/p>","protected":false},"excerpt":{"rendered":"<p>Il presente Avviso Legale regola l&#8217;utilizzo del servizio del portale Internet con indirizzo HTTPS:\/\/WWW.SMARTDATASYSTEM.ES\/, la cui persona responsabile a fini di identificazione \u00e8: Responsabile: MYCELIUM NETWORKS SL NIF: B66849837 Indirizzo: C\/ Zamora 46, 5-1 A, 08005 Barcelona Telefono: 931437158 E-mail: INFO@SMARTDATASYSTEM.ES Legislazione In generale, i rapporti tra MYCELIUM NETWORKS SL e gli Utenti dei suoi&hellip;<\/p>\n","protected":false},"author":1,"featured_media":0,"parent":0,"menu_order":0,"comment_status":"closed","ping_status":"closed","template":"","meta":[],"_links":{"self":[{"href":"https:\/\/www.smartdatasystem.es\/it\/wp-json\/wp\/v2\/pages\/1344"}],"collection":[{"href":"https:\/\/www.smartdatasystem.es\/it\/wp-json\/wp\/v2\/pages"}],"about":[{"href":"https:\/\/www.smartdatasystem.es\/it\/wp-json\/wp\/v2\/types\/page"}],"author":[{"embeddable":true,"href":"https:\/\/www.smartdatasystem.es\/it\/wp-json\/wp\/v2\/users\/1"}],"replies":[{"embeddable":true,"href":"https:\/\/www.smartdatasystem.es\/it\/wp-json\/wp\/v2\/comments?post=1344"}],"version-history":[{"count":3,"href":"https:\/\/www.smartdatasystem.es\/it\/wp-json\/wp\/v2\/pages\/1344\/revisions"}],"predecessor-version":[{"id":4003,"href":"https:\/\/www.smartdatasystem.es\/it\/wp-json\/wp\/v2\/pages\/1344\/revisions\/4003"}],"wp:attachment":[{"href":"https:\/\/www.smartdatasystem.es\/it\/wp-json\/wp\/v2\/media?parent=1344"}],"curies":[{"name":"wp","href":"https:\/\/api.w.org\/{rel}","templated":true}]}}