{"id":631,"date":"2016-10-22T16:41:07","date_gmt":"2016-10-22T16:41:07","guid":{"rendered":"http:\/\/smart.nettingbt.com\/\/?page_id=631"},"modified":"2025-04-29T14:05:23","modified_gmt":"2025-04-29T14:05:23","slug":"contact-us","status":"publish","type":"page","link":"https:\/\/www.smartdatasystem.es\/it\/contact-us\/","title":{"rendered":"Contatti"},"content":{"rendered":"<p>[vc_row type=&#8221;vc_default&#8221; bg_type=&#8221;image&#8221; parallax_style=&#8221;vcpb-vz-jquery&#8221; bg_image_new=&#8221;id^435|url^http:\/\/smart.nettingbt.com\/\/wp-content\/uploads\/2016\/10\/heading-dark-blue.jpg|caption^null|alt^null|title^heading-dark-blue|description^null&#8221; bg_image_repeat=&#8221;no-repeat&#8221; parallax_sense=&#8221;25&#8243; bg_override=&#8221;ex-full&#8221; css=&#8221;.vc_custom_1477025556603{margin-top: -155px !important;}&#8221;][vc_column][vc_empty_space height=&#8221;80px&#8221;][vc_empty_space]<div class=\"ult-just-icon-wrapper  \"><div class=\"align-icon\" style=\"text-align:center;\">\n<div class=\"aio-icon circle \"  style=\"color:#333;background:#ffffff;font-size:32px;display:inline-block;\">\n\t<i class=\"Defaults-envelope\"><\/i>\n<\/div><\/div><\/div>[vc_custom_heading text=&#8221;Contattaci&#8221; font_container=&#8221;tag:h2|text_align:center|color:%23ffffff&#8221; google_fonts=&#8221;font_family:Roboto%3A100%2C100italic%2C300%2C300italic%2Cregular%2Citalic%2C500%2C500italic%2C700%2C700italic%2C900%2C900italic|font_style:500%20bold%20regular%3A500%3Anormal&#8221;][vc_row_inner][vc_column_inner width=&#8221;1\/12&#8243;][\/vc_column_inner][vc_column_inner width=&#8221;5\/12&#8243;][vc_empty_space][vc_custom_heading text=&#8221;Spain &amp;<br \/>\nInternational&#8221; font_container=&#8221;tag:h2|text_align:center|color:%23ffffff&#8221; google_fonts=&#8221;font_family:Roboto%3A100%2C100italic%2C300%2C300italic%2Cregular%2Citalic%2C500%2C500italic%2C700%2C700italic%2C900%2C900italic|font_style:400%20regular%3A400%3Anormal&#8221;][vc_custom_heading text=&#8221;C\/ Zamora 46, 5-1 A, 08005 Barcelona<br \/>\nPhone: +34 931 437 158&#8243; font_container=&#8221;tag:h4|text_align:center|color:%23ffffff&#8221; google_fonts=&#8221;font_family:Roboto%3A100%2C100italic%2C300%2C300italic%2Cregular%2Citalic%2C500%2C500italic%2C700%2C700italic%2C900%2C900italic|font_style:400%20regular%3A400%3Anormal&#8221;][vc_empty_space height=&#8221;12px&#8221;][\/vc_column_inner][vc_column_inner width=&#8221;5\/12&#8243;][vc_empty_space][vc_custom_heading text=&#8221;Italy&#8221; font_container=&#8221;tag:h2|text_align:center|color:%23ffffff&#8221; google_fonts=&#8221;font_family:Roboto%3A100%2C100italic%2C300%2C300italic%2Cregular%2Citalic%2C500%2C500italic%2C700%2C700italic%2C900%2C900italic|font_style:400%20regular%3A400%3Anormal&#8221;][vc_custom_heading text=&#8221;Via Alessandro Volta 5, 66129 Pescara<br \/>\nPhone: +39 085 911 6323,<br \/>\nAntonia Zinni +39 392 419 0146,<br \/>\nMichele Santarelli +39 393 189 6019&#8243; font_container=&#8221;tag:h4|text_align:center|color:%23ffffff&#8221; google_fonts=&#8221;font_family:Roboto%3A100%2C100italic%2C300%2C300italic%2Cregular%2Citalic%2C500%2C500italic%2C700%2C700italic%2C900%2C900italic|font_style:400%20regular%3A400%3Anormal&#8221;][vc_empty_space][\/vc_column_inner][vc_column_inner width=&#8221;1\/12&#8243;][\/vc_column_inner][\/vc_row_inner][vc_empty_space][vc_custom_heading text=&#8221;Contattaci, saremo felici di risponderti!<br \/>\nRiempi i campi del form di seguito, il nostro team ti ricontatter\u00e0 quanto prima.&#8221; font_container=&#8221;tag:h3|text_align:center|color:%23ffffff&#8221; google_fonts=&#8221;font_family:Roboto%3A100%2C100italic%2C300%2C300italic%2Cregular%2Citalic%2C500%2C500italic%2C700%2C700italic%2C900%2C900italic|font_style:400%20regular%3A400%3Anormal&#8221;][vc_empty_space][\/vc_column][\/vc_row][vc_row type=&#8221;vc_default&#8221; bg_type=&#8221;grad&#8221; bg_override=&#8221;ex-full&#8221; bg_grad=&#8221;background: -webkit-gradient(linear, left top, left bottom, color-stop(0%, #FFFFFF), color-stop(96%, #FFFFFF));background: -moz-linear-gradient(top,#FFFFFF 0%,#FFFFFF 96%);background: -webkit-linear-gradient(top,#FFFFFF 0%,#FFFFFF 96%);background: -o-linear-gradient(top,#FFFFFF 0%,#FFFFFF 96%);background: -ms-linear-gradient(top,#FFFFFF 0%,#FFFFFF 96%);background: linear-gradient(top,#FFFFFF 0%,#FFFFFF 96%);&#8221;][vc_column][vc_row_inner][vc_column_inner width=&#8221;1\/4&#8243;][\/vc_column_inner][vc_column_inner width=&#8221;1\/2&#8243;]\n<div class=\"wpcf7 no-js\" id=\"wpcf7-f979-o3\" lang=\"es-ES\" dir=\"ltr\">\n<div class=\"screen-reader-response\"><p role=\"status\" aria-live=\"polite\" aria-atomic=\"true\"><\/p> <ul><\/ul><\/div>\n<form action=\"\/it\/wp-json\/wp\/v2\/pages\/631#wpcf7-f979-o3\" method=\"post\" class=\"wpcf7-form init\" aria-label=\"Formulario de contacto\" novalidate=\"novalidate\" data-status=\"init\">\n<div style=\"display: none;\">\n<input type=\"hidden\" name=\"_wpcf7\" value=\"979\" \/>\n<input type=\"hidden\" name=\"_wpcf7_version\" value=\"5.9.5\" \/>\n<input type=\"hidden\" name=\"_wpcf7_locale\" value=\"es_ES\" \/>\n<input type=\"hidden\" name=\"_wpcf7_unit_tag\" value=\"wpcf7-f979-o3\" \/>\n<input type=\"hidden\" name=\"_wpcf7_container_post\" value=\"0\" \/>\n<input type=\"hidden\" name=\"_wpcf7_posted_data_hash\" value=\"\" \/>\n<input type=\"hidden\" name=\"_wpcf7_recaptcha_response\" value=\"\" \/>\n<\/div>\n<p><label> Nome*<br \/>\n<span class=\"wpcf7-form-control-wrap\" data-name=\"your-name\"><input size=\"40\" class=\"wpcf7-form-control wpcf7-text wpcf7-validates-as-required\" aria-required=\"true\" aria-invalid=\"false\" value=\"\" type=\"text\" name=\"your-name\" \/><\/span> <\/label>\n<\/p>\n<p><label> Cognome*<br \/>\n<span class=\"wpcf7-form-control-wrap\" data-name=\"your-lastname\"><input size=\"40\" class=\"wpcf7-form-control wpcf7-text wpcf7-validates-as-required\" aria-required=\"true\" aria-invalid=\"false\" value=\"\" type=\"text\" name=\"your-lastname\" \/><\/span> <\/label>\n<\/p>\n<p><label> Azienda<br \/>\n<span class=\"wpcf7-form-control-wrap\" data-name=\"your-company\"><input size=\"40\" class=\"wpcf7-form-control wpcf7-text\" aria-invalid=\"false\" value=\"\" type=\"text\" name=\"your-company\" \/><\/span> <\/label>\n<\/p>\n<p><label> E-mail*<br \/>\n<span class=\"wpcf7-form-control-wrap\" data-name=\"your-email\"><input size=\"40\" class=\"wpcf7-form-control wpcf7-email wpcf7-validates-as-required wpcf7-text wpcf7-validates-as-email\" aria-required=\"true\" aria-invalid=\"false\" value=\"\" type=\"email\" name=\"your-email\" \/><\/span> <\/label>\n<\/p>\n<p><label> Telefono<br \/>\n<span class=\"wpcf7-form-control-wrap\" data-name=\"your-phone\"><input size=\"40\" class=\"wpcf7-form-control wpcf7-text\" aria-invalid=\"false\" value=\"\" type=\"text\" name=\"your-phone\" \/><\/span> <\/label>\n<\/p>\n<p><label> Paese<br \/>\n<span class=\"wpcf7-form-control-wrap\" data-name=\"your-solution\"><input size=\"40\" class=\"wpcf7-form-control wpcf7-text\" aria-invalid=\"false\" value=\"\" type=\"text\" name=\"your-solution\" \/><\/span> <\/label>\n<\/p>\n<p><label> Messaggio<br \/>\n<span class=\"wpcf7-form-control-wrap\" data-name=\"your-message\"><textarea cols=\"40\" rows=\"10\" class=\"wpcf7-form-control wpcf7-textarea\" aria-invalid=\"false\" name=\"your-message\"><\/textarea><\/span> <\/label>\n<\/p>\n<p><span class=\"wpcf7-form-control-wrap\" data-name=\"checkbox-568\"><span class=\"wpcf7-form-control wpcf7-checkbox wpcf7-validates-as-required\"><span class=\"wpcf7-list-item first last\"><input type=\"checkbox\" name=\"checkbox-568[]\" value=\"Cliccando su Invia si accetta la seguente informativa sulla Privacy:  Informativa sulla riservatezza dei dati (Legge 675\/96). La informiamo che i Suoi dati personali sono custoditi dalla nostra Societ\u00e0 con l&#039;impegno a non cederli a terzi e trattati con mezzi informatici per l&#039;ordinaria gestione commerciale e per l\u2019invio di offerte. Il conferimento a questi fini alla nostra Societ\u00e0 \u00e8 facoltativo ed Ella potr\u00e0 in qualunque momento richiederne la conferma dell\u2019esistenza, l\u2019aggiornamento o la cancellazione.\" \/><span class=\"wpcf7-list-item-label\">Cliccando su Invia si accetta la seguente informativa sulla Privacy:  Informativa sulla riservatezza dei dati (Legge 675\/96). La informiamo che i Suoi dati personali sono custoditi dalla nostra Societ\u00e0 con l&#039;impegno a non cederli a terzi e trattati con mezzi informatici per l&#039;ordinaria gestione commerciale e per l\u2019invio di offerte. Il conferimento a questi fini alla nostra Societ\u00e0 \u00e8 facoltativo ed Ella potr\u00e0 in qualunque momento richiederne la conferma dell\u2019esistenza, l\u2019aggiornamento o la cancellazione.<\/span><\/span><\/span><\/span>\n<\/p>\n<p><input class=\"wpcf7-form-control wpcf7-submit has-spinner\" type=\"submit\" value=\"Invia\" \/>\n<\/p><div class=\"wpcf7-response-output\" aria-hidden=\"true\"><\/div>\n<\/form>\n<\/div>\n[\/vc_column_inner][vc_column_inner width=&#8221;1\/4&#8243;][\/vc_column_inner][\/vc_row_inner][vc_empty_space][\/vc_column][\/vc_row][vc_row][vc_column][vc_column_text]<\/p>\n<p>[\/vc_column_text][\/vc_column][\/vc_row]<\/p>","protected":false},"excerpt":{"rendered":"<p>[vc_row type=&#8221;vc_default&#8221; bg_type=&#8221;image&#8221; parallax_style=&#8221;vcpb-vz-jquery&#8221; bg_image_new=&#8221;id^435|url^http:\/\/smart.nettingbt.com\/\/wp-content\/uploads\/2016\/10\/heading-dark-blue.jpg|caption^null|alt^null|title^heading-dark-blue|description^null&#8221; bg_image_repeat=&#8221;no-repeat&#8221; parallax_sense=&#8221;25&#8243; bg_override=&#8221;ex-full&#8221; css=&#8221;.vc_custom_1477025556603{margin-top: -155px !important;}&#8221;][vc_column][vc_empty_space height=&#8221;80px&#8221;][vc_empty_space][vc_custom_heading text=&#8221;Contattaci&#8221; font_container=&#8221;tag:h2|text_align:center|color:%23ffffff&#8221; google_fonts=&#8221;font_family:Roboto%3A100%2C100italic%2C300%2C300italic%2Cregular%2Citalic%2C500%2C500italic%2C700%2C700italic%2C900%2C900italic|font_style:500%20bold%20regular%3A500%3Anormal&#8221;][vc_row_inner][vc_column_inner width=&#8221;1\/12&#8243;][\/vc_column_inner][vc_column_inner width=&#8221;5\/12&#8243;][vc_empty_space][vc_custom_heading text=&#8221;Spain &amp; International&#8221; font_container=&#8221;tag:h2|text_align:center|color:%23ffffff&#8221; google_fonts=&#8221;font_family:Roboto%3A100%2C100italic%2C300%2C300italic%2Cregular%2Citalic%2C500%2C500italic%2C700%2C700italic%2C900%2C900italic|font_style:400%20regular%3A400%3Anormal&#8221;][vc_custom_heading text=&#8221;C\/ Zamora 46, 5-1 A, 08005 Barcelona Phone: +34 931 437 158&#8243; font_container=&#8221;tag:h4|text_align:center|color:%23ffffff&#8221; google_fonts=&#8221;font_family:Roboto%3A100%2C100italic%2C300%2C300italic%2Cregular%2Citalic%2C500%2C500italic%2C700%2C700italic%2C900%2C900italic|font_style:400%20regular%3A400%3Anormal&#8221;][vc_empty_space height=&#8221;12px&#8221;][\/vc_column_inner][vc_column_inner width=&#8221;5\/12&#8243;][vc_empty_space][vc_custom_heading text=&#8221;Italy&#8221; font_container=&#8221;tag:h2|text_align:center|color:%23ffffff&#8221; google_fonts=&#8221;font_family:Roboto%3A100%2C100italic%2C300%2C300italic%2Cregular%2Citalic%2C500%2C500italic%2C700%2C700italic%2C900%2C900italic|font_style:400%20regular%3A400%3Anormal&#8221;][vc_custom_heading text=&#8221;Via Alessandro Volta 5, 66129 Pescara Phone: +39 085 911 6323, Antonia Zinni +39&hellip;<\/p>\n","protected":false},"author":1,"featured_media":0,"parent":0,"menu_order":0,"comment_status":"closed","ping_status":"closed","template":"","meta":[],"_links":{"self":[{"href":"https:\/\/www.smartdatasystem.es\/it\/wp-json\/wp\/v2\/pages\/631"}],"collection":[{"href":"https:\/\/www.smartdatasystem.es\/it\/wp-json\/wp\/v2\/pages"}],"about":[{"href":"https:\/\/www.smartdatasystem.es\/it\/wp-json\/wp\/v2\/types\/page"}],"author":[{"embeddable":true,"href":"https:\/\/www.smartdatasystem.es\/it\/wp-json\/wp\/v2\/users\/1"}],"replies":[{"embeddable":true,"href":"https:\/\/www.smartdatasystem.es\/it\/wp-json\/wp\/v2\/comments?post=631"}],"version-history":[{"count":21,"href":"https:\/\/www.smartdatasystem.es\/it\/wp-json\/wp\/v2\/pages\/631\/revisions"}],"predecessor-version":[{"id":4001,"href":"https:\/\/www.smartdatasystem.es\/it\/wp-json\/wp\/v2\/pages\/631\/revisions\/4001"}],"wp:attachment":[{"href":"https:\/\/www.smartdatasystem.es\/it\/wp-json\/wp\/v2\/media?parent=631"}],"curies":[{"name":"wp","href":"https:\/\/api.w.org\/{rel}","templated":true}]}}