{"id":737,"date":"2016-10-23T22:09:45","date_gmt":"2016-10-23T22:09:45","guid":{"rendered":"http:\/\/smart.nettingbt.com\/\/?page_id=737"},"modified":"2018-01-17T15:30:36","modified_gmt":"2018-01-17T15:30:36","slug":"smart-buildings","status":"publish","type":"page","link":"https:\/\/www.smartdatasystem.es\/it\/smart-buildings\/","title":{"rendered":"Smart Buildings"},"content":{"rendered":"<p>[vc_row type=&#8221;vc_default&#8221; bg_type=&#8221;grad&#8221; bg_override=&#8221;ex-full&#8221; bg_grad=&#8221;background: -webkit-gradient(linear, left top, left bottom, color-stop(0%, #000000), color-stop(100%, #192F45));background: -moz-linear-gradient(top,#000000 0%,#192F45 100%);background: -webkit-linear-gradient(top,#000000 0%,#192F45 100%);background: -o-linear-gradient(top,#000000 0%,#192F45 100%);background: -ms-linear-gradient(top,#000000 0%,#192F45 100%);background: linear-gradient(top,#000000 0%,#192F45 100%);&#8221; css=&#8221;.vc_custom_1477264438284{margin-top: -155px !important;margin-bottom: -50px !important;}&#8221;][vc_column width=&#8221;1\/2&#8243;][vc_empty_space height=&#8221;120px&#8221;][vc_custom_heading text=&#8221;Smart Buildings&#8221; font_container=&#8221;tag:h2|text_align:left|color:%23ffffff&#8221; google_fonts=&#8221;font_family:Roboto%3A100%2C100italic%2C300%2C300italic%2Cregular%2Citalic%2C500%2C500italic%2C700%2C700italic%2C900%2C900italic|font_style:500%20bold%20regular%3A500%3Anormal&#8221;][vc_custom_heading text=&#8221;Riduzione dei costi energetici, Controlli automatizzati e Aumento della sicurezza<br \/>\n&#8221; font_container=&#8221;tag:h3|text_align:left|color:%23f2c037&#8243; google_fonts=&#8221;font_family:Roboto%3A100%2C100italic%2C300%2C300italic%2Cregular%2Citalic%2C500%2C500italic%2C700%2C700italic%2C900%2C900italic|font_style:100%20light%20regular%3A100%3Anormal&#8221;][vc_row_inner][vc_column_inner css=&#8221;.vc_custom_1477229216611{padding-right: 20px !important;}&#8221;][vc_column_text css=&#8221;.vc_custom_1477260400734{padding-right: 20px !important;}&#8221;]<span style=\"color: #ffffff;\">Gli edifici residenziali rappresentano i luoghi di consumo energetico principale nelle nostre citt\u00e0; inoltre, nella  loro gestione, la questione della sicurezza e la necessit\u00e0 di automatizzare i controlli sull\u2019efficienza degli impianti stanno assumendo un\u2019importanza sempre maggiore.<\/span><\/p>\n<p><span style=\"color: #ffffff;\">Oggi \u00e8 possibile distribuire sensori all&#8217;interno degli edifici in grado di misurare e controllare temperatura, umidit\u00e0 e altri parametri ambientali  necessari a  gestire in modo efficiente il clima e la qualit\u00e0 dell\u2019aria all\u2019interno degli ambienti , di misurare i consumo  di elettricit\u00e0, gas, acqua,  per gestire e ottimizzare i costi e di effettuare il monitoraggio ed il controllo del  numero di persone che circolano negli spazi della comunit\u00e0 per applicare le regole di sicurezza. Si tratta, quindi, di  aspetti che  supportano il processo decisionale e ottimizzano l&#8217;automazione delle costruzioni.<\/span><\/p>\n<p><span style=\"color: #ffffff;\">Le informazioni provenienti da qualsiasi tipo di sensori o dispositivi possono essere raccolte e utilizzate per tutte le soluzioni descritte in precedenza grazie alla  piattaforma SmartDataSystem <\/span>[\/vc_column_text][\/vc_column_inner][\/vc_row_inner][vc_empty_space height=&#8221;60px&#8221;][vc_row_inner][vc_column_inner offset=&#8221;vc_hidden-lg vc_hidden-md vc_hidden-sm&#8221;][vc_custom_heading text=&#8221;Common examples are:&#8221; font_container=&#8221;tag:h3|text_align:center|color:%23ffffff&#8221; google_fonts=&#8221;font_family:Roboto%20Condensed%3A300%2C300italic%2Cregular%2Citalic%2C700%2C700italic|font_style:400%20regular%3A400%3Anormal&#8221;][vc_separator color=&#8221;custom&#8221; align=&#8221;align_left&#8221; style=&#8221;dotted&#8221; accent_color=&#8221;rgba(255,255,255,0.19)&#8221;]<div class=\"standard-arrow list-divider bullet-top\"><ul>\n<li><span style=\"color: #ffffff;\">Controllo HVAC in base alle condizioni ambientali<\/span><\/li>\n<li><span style=\"color: #ffffff;\">Illuminazione on \/ off in base agli orari o al rilevamento del movimento.<\/span><\/li>\n<li><span style=\"color: #ffffff;\">Controllo accessi e autorizzazioni<\/span><\/li>\n<li><span style=\"color: #ffffff;\">Controllo del consumo di energia<\/span><\/li>\n<\/ul>\n<\/div>[\/vc_column_inner][\/vc_row_inner][\/vc_column][vc_column width=&#8221;1\/2&#8243; css=&#8221;.vc_custom_1477259741074{margin-left: 30px !important;}&#8221;][vc_row_inner][vc_column_inner offset=&#8221;vc_hidden-xs&#8221;][vc_empty_space height=&#8221;120px&#8221;][vc_custom_heading text=&#8221;Alcuni esempi:&#8221; font_container=&#8221;tag:h3|text_align:center|color:%23ffffff&#8221; google_fonts=&#8221;font_family:Roboto%20Condensed%3A300%2C300italic%2Cregular%2Citalic%2C700%2C700italic|font_style:400%20regular%3A400%3Anormal&#8221;][vc_separator color=&#8221;custom&#8221; align=&#8221;align_left&#8221; style=&#8221;dotted&#8221; accent_color=&#8221;rgba(255,255,255,0.19)&#8221;][\/vc_column_inner][\/vc_row_inner][vc_row_inner][vc_column_inner offset=&#8221;vc_hidden-xs&#8221;]<div class=\"standard-arrow list-divider bullet-top\"><ul>\n<li><span style=\"color: #ffffff;\">Controllo HVAC in base alle condizioni ambientali<\/span><\/li>\n<li><span style=\"color: #ffffff;\">Illuminazione on \/ off in base agli orari o al rilevamento del movimento<\/span><\/li>\n<li><span style=\"color: #ffffff;\">Controllo accessi e autorizzazioni<\/span><\/li>\n<li><span style=\"color: #ffffff;\">Controllo del consumo di energia<\/span><\/li>\n<\/ul>\n<\/div>[vc_separator color=&#8221;custom&#8221; align=&#8221;align_left&#8221; style=&#8221;dotted&#8221; accent_color=&#8221;rgba(255,255,255,0.19)&#8221;][\/vc_column_inner][\/vc_row_inner][vc_empty_space height=&#8221;20px&#8221;][\/vc_column][\/vc_row]<\/p>","protected":false},"excerpt":{"rendered":"<p>[vc_row type=&#8221;vc_default&#8221; bg_type=&#8221;grad&#8221; bg_override=&#8221;ex-full&#8221; bg_grad=&#8221;background: -webkit-gradient(linear, left top, left bottom, color-stop(0%, #000000), color-stop(100%, #192F45));background: -moz-linear-gradient(top,#000000 0%,#192F45 100%);background: -webkit-linear-gradient(top,#000000 0%,#192F45 100%);background: -o-linear-gradient(top,#000000 0%,#192F45 100%);background: -ms-linear-gradient(top,#000000 0%,#192F45 100%);background: linear-gradient(top,#000000 0%,#192F45 100%);&#8221; css=&#8221;.vc_custom_1477264438284{margin-top: -155px !important;margin-bottom: -50px !important;}&#8221;][vc_column width=&#8221;1\/2&#8243;][vc_empty_space height=&#8221;120px&#8221;][vc_custom_heading text=&#8221;Smart Buildings&#8221; font_container=&#8221;tag:h2|text_align:left|color:%23ffffff&#8221; google_fonts=&#8221;font_family:Roboto%3A100%2C100italic%2C300%2C300italic%2Cregular%2Citalic%2C500%2C500italic%2C700%2C700italic%2C900%2C900italic|font_style:500%20bold%20regular%3A500%3Anormal&#8221;][vc_custom_heading text=&#8221;Riduzione dei costi energetici, Controlli automatizzati e Aumento della sicurezza &#8221; font_container=&#8221;tag:h3|text_align:left|color:%23f2c037&#8243; google_fonts=&#8221;font_family:Roboto%3A100%2C100italic%2C300%2C300italic%2Cregular%2Citalic%2C500%2C500italic%2C700%2C700italic%2C900%2C900italic|font_style:100%20light%20regular%3A100%3Anormal&#8221;][vc_row_inner][vc_column_inner css=&#8221;.vc_custom_1477229216611{padding-right: 20px&hellip;<\/p>\n","protected":false},"author":1,"featured_media":0,"parent":0,"menu_order":0,"comment_status":"closed","ping_status":"closed","template":"","meta":[],"_links":{"self":[{"href":"https:\/\/www.smartdatasystem.es\/it\/wp-json\/wp\/v2\/pages\/737"}],"collection":[{"href":"https:\/\/www.smartdatasystem.es\/it\/wp-json\/wp\/v2\/pages"}],"about":[{"href":"https:\/\/www.smartdatasystem.es\/it\/wp-json\/wp\/v2\/types\/page"}],"author":[{"embeddable":true,"href":"https:\/\/www.smartdatasystem.es\/it\/wp-json\/wp\/v2\/users\/1"}],"replies":[{"embeddable":true,"href":"https:\/\/www.smartdatasystem.es\/it\/wp-json\/wp\/v2\/comments?post=737"}],"version-history":[{"count":12,"href":"https:\/\/www.smartdatasystem.es\/it\/wp-json\/wp\/v2\/pages\/737\/revisions"}],"predecessor-version":[{"id":1141,"href":"https:\/\/www.smartdatasystem.es\/it\/wp-json\/wp\/v2\/pages\/737\/revisions\/1141"}],"wp:attachment":[{"href":"https:\/\/www.smartdatasystem.es\/it\/wp-json\/wp\/v2\/media?parent=737"}],"curies":[{"name":"wp","href":"https:\/\/api.w.org\/{rel}","templated":true}]}}