{"id":988,"date":"2017-10-02T11:24:09","date_gmt":"2017-10-02T11:24:09","guid":{"rendered":"http:\/\/smart.nettingbt.com\/es\/?page_id=988"},"modified":"2018-01-18T16:45:54","modified_gmt":"2018-01-18T16:45:54","slug":"espanol-renewable-assets-management","status":"publish","type":"page","link":"https:\/\/www.smartdatasystem.es\/it\/renewable-assets-management\/","title":{"rendered":"RENEWABLE ASSETS MANAGEMENT"},"content":{"rendered":"<p>[vc_row type=&#8221;vc_default&#8221; bg_type=&#8221;image&#8221; parallax_style=&#8221;vcpb-vz-jquery&#8221; bg_image_new=&#8221;id^991|url^http:\/\/smart.nettingbt.com\/wp-content\/uploads\/2017\/10\/web-Changes.jpg|caption^null|alt^null|title^web Changes|description^null&#8221; bg_image_repeat=&#8221;no-repeat&#8221; parallax_sense=&#8221;25&#8243; bg_override=&#8221;ex-full&#8221; css=&#8221;.vc_custom_1506943762897{margin-top: -155px !important;}&#8221;][vc_column][vc_empty_space height=&#8221;80px&#8221;][vc_row_inner][vc_column_inner width=&#8221;1\/2&#8243;][vc_empty_space][vc_custom_heading text=&#8221;RENEWABLE ASSETS MANAGEMENT&#8221; font_container=&#8221;tag:h2|text_align:left|color:%23ffffff&#8221; google_fonts=&#8221;font_family:Roboto%3A100%2C100italic%2C300%2C300italic%2Cregular%2Citalic%2C500%2C500italic%2C700%2C700italic%2C900%2C900italic|font_style:500%20bold%20regular%3A500%3Anormal&#8221;][vc_empty_space][vc_custom_heading text=&#8221;Monitoraggio e gestione in tempo reale per impianti di energia rinnovabile. Facile da installare e configurare senza competenze di programmazione.&#8221; font_container=&#8221;tag:h3|text_align:left|color:%23ffffff&#8221; google_fonts=&#8221;font_family:Roboto%3A100%2C100italic%2C300%2C300italic%2Cregular%2Citalic%2C500%2C500italic%2C700%2C700italic%2C900%2C900italic|font_style:300%20light%20regular%3A300%3Anormal&#8221;][vc_empty_space][\/vc_column_inner][vc_column_inner width=&#8221;1\/2&#8243;][\/vc_column_inner][\/vc_row_inner][vc_row_inner][vc_column_inner width=&#8221;1\/2&#8243; css=&#8221;.vc_custom_1506944520072{background-color: rgba(10,10,10,0.72) !important;*background-color: rgb(10,10,10) !important;border-radius: 15px !important;}&#8221;]<div class=\"standard-arrow list-divider bullet-top\"><ul>\n<li><strong><span style=\"color: #ffffff;\">Migliora il monitoraggio degli obiettivi di produzione e di risparmio<\/span><\/strong><\/li>\n<li><strong><span style=\"color: #ffffff;\">Repower delle strutture esistenti<\/span><\/strong><\/li>\n<li><strong><span style=\"color: #ffffff;\">Identifica le opportunit\u00e0 di miglioramento eseguendo la diagnostica del sistema<\/span><\/strong><\/li>\n<li><strong><span style=\"color: #ffffff;\">Garantisce la conformit\u00e0 con le normative<\/span><\/strong><\/li>\n<\/ul>\n<\/div>[\/vc_column_inner][vc_column_inner width=&#8221;1\/2&#8243;][\/vc_column_inner][\/vc_row_inner][vc_empty_space][\/vc_column][\/vc_row][vc_row type=&#8221;vc_default&#8221; bg_type=&#8221;grad&#8221; bg_override=&#8221;ex-full&#8221; bg_grad=&#8221;background: -webkit-gradient(linear, left top, left bottom, color-stop(43%, #FFFFFF), color-stop(100%, #D9E5EB));background: -moz-linear-gradient(top,#FFFFFF 43%,#D9E5EB 100%);background: -webkit-linear-gradient(top,#FFFFFF 43%,#D9E5EB 100%);background: -o-linear-gradient(top,#FFFFFF 43%,#D9E5EB 100%);background: -ms-linear-gradient(top,#FFFFFF 43%,#D9E5EB 100%);background: linear-gradient(top,#FFFFFF 43%,#D9E5EB 100%);&#8221;][vc_column][vc_empty_space][vc_row_inner][vc_column_inner width=&#8221;1\/2&#8243;][vc_single_image image=&#8221;1007&#8243; img_size=&#8221;full&#8221; alignment=&#8221;center&#8221;][\/vc_column_inner][vc_column_inner width=&#8221;1\/2&#8243;][vc_custom_heading text=&#8221;GESTIONE ASSETS&#8221; font_container=&#8221;tag:h3|text_align:center|color:%23383838&#8243; google_fonts=&#8221;font_family:Roboto%3A100%2C100italic%2C300%2C300italic%2Cregular%2Citalic%2C500%2C500italic%2C700%2C700italic%2C900%2C900italic|font_style:500%20bold%20regular%3A500%3Anormal&#8221;]<div class=\"hr-thin style-line\" style=\"width: 100%;border-color: #ffb73a;border-top-width: 3px;\"><\/div>[vc_empty_space]<div class=\"standard-arrow list-divider bullet-top\"><ul>\n<li>Possibilit\u00e0 di creare strutture, aggiungere sensori, controller e altre apparecchiature e di configurare pi\u00f9 modalit\u00e0 di visualizzazione.<\/li>\n<li>Raccolta, applicazione filtri e normalizzazione di qualsiasi dato digitale o analogico trasmesso dai sensori.<\/li>\n<li>Possibilit\u00e0 di caricare e allegare documenti a un dispositivo o struttura specifica per futuri riferimenti tecnici e avvisi.<\/li>\n<li>Visualizzazione delle informazioni in tempo reale per tutti i componenti in base allo schema del sistema.<\/li>\n<li>Creazione di avvisi basati su valori recuperati da uno o pi\u00f9 sensori e letture di dispositivi e configurazione di azioni basate su formule logiche e matematiche.<\/li>\n<\/ul>\n<\/div>[vc_empty_space][\/vc_column_inner][\/vc_row_inner][vc_row_inner][vc_column_inner width=&#8221;1\/2&#8243;][vc_custom_heading text=&#8221;PERSONALIZZAZIONE ANALYTICS &amp; KPI\u00b4s&#8221; font_container=&#8221;tag:h3|text_align:center|color:%23383838&#8243; google_fonts=&#8221;font_family:Roboto%3A100%2C100italic%2C300%2C300italic%2Cregular%2Citalic%2C500%2C500italic%2C700%2C700italic%2C900%2C900italic|font_style:500%20bold%20regular%3A500%3Anormal&#8221;]<div class=\"hr-thin style-line\" style=\"width: 100%;border-color: #ffb73a;border-top-width: 3px;\"><\/div>[vc_empty_space]<div class=\"standard-arrow list-divider bullet-top\"><ul>\n<li>Possibilit\u00e0 di configurare i KPI di prestazioni, disponibilit\u00e0 ed efficienza per i Sistemi Fotovoltaici.<\/li>\n<li>Rendimento specifico e frazione solare per sistemi solari termici.<\/li>\n<li>Creazione di variabili personalizzate basate su operazioni matematiche complesse, combinazione di dati di campo e valori fissi.<\/li>\n<li>Possibilit\u00e0 di tracciare variabili all\u2019interno dei grafici disponibili<\/li>\n<li>Combinazione di pi\u00f9 variabili all\u2019interno di un unico grafico<\/li>\n<\/ul>\n<\/div>[vc_empty_space][\/vc_column_inner][vc_column_inner width=&#8221;1\/2&#8243;][vc_single_image image=&#8221;1009&#8243; img_size=&#8221;full&#8221; alignment=&#8221;center&#8221;][\/vc_column_inner][\/vc_row_inner][vc_row_inner][vc_column_inner width=&#8221;1\/2&#8243;][vc_single_image image=&#8221;1010&#8243; img_size=&#8221;full&#8221; alignment=&#8221;center&#8221;][\/vc_column_inner][vc_column_inner width=&#8221;1\/2&#8243;][vc_custom_heading text=&#8221;CREAZIONE REPORT PERSONALIZZATI&#8221; font_container=&#8221;tag:h3|text_align:center|color:%23383838&#8243; google_fonts=&#8221;font_family:Roboto%3A100%2C100italic%2C300%2C300italic%2Cregular%2Citalic%2C500%2C500italic%2C700%2C700italic%2C900%2C900italic|font_style:500%20bold%20regular%3A500%3Anormal&#8221;]<div class=\"hr-thin style-line\" style=\"width: 100%;border-color: #ffb73a;border-top-width: 3px;\"><\/div>[vc_empty_space]<div class=\"standard-arrow list-divider bullet-top\"><ul>\n<li>Creazione di report template grazie ad un editor word processor avanzato.<\/li>\n<li>Pianificazione della creazione dei report su base giornaliera, settimanale, mensile o annuale e automatizzazione della loro consegna a pi\u00f9 destinatari di posta elettronica.<\/li>\n<li>Possibilit\u00e0 di utilizzo di modelli esistenti per la reportistica relativa a sistemi termici fotovoltaici e solari, in alternativa possibilit\u00e0 di personalizzazione del proprio report.<\/li>\n<\/ul>\n<\/div>[vc_empty_space][\/vc_column_inner][\/vc_row_inner][\/vc_column][\/vc_row][vc_row type=&#8221;vc_default&#8221; css=&#8221;.vc_custom_1506947339405{margin-bottom: -60px !important;}&#8221;][vc_column][vc_empty_space][vc_custom_heading text=&#8221;Progettato per Proprietari, Gestori e Professionisti delle Energie Rinnovabili.&#8221; font_container=&#8221;tag:h3|text_align:center|color:%23383838&#8243; google_fonts=&#8221;font_family:Roboto%3A100%2C100italic%2C300%2C300italic%2Cregular%2Citalic%2C500%2C500italic%2C700%2C700italic%2C900%2C900italic|font_style:700%20bold%20regular%3A700%3Anormal&#8221;][vc_single_image image=&#8221;1014&#8243; img_size=&#8221;full&#8221; alignment=&#8221;center&#8221;][\/vc_column][\/vc_row]<\/p>","protected":false},"excerpt":{"rendered":"<p>[vc_row type=&#8221;vc_default&#8221; bg_type=&#8221;image&#8221; parallax_style=&#8221;vcpb-vz-jquery&#8221; bg_image_new=&#8221;id^991|url^http:\/\/smart.nettingbt.com\/wp-content\/uploads\/2017\/10\/web-Changes.jpg|caption^null|alt^null|title^web Changes|description^null&#8221; bg_image_repeat=&#8221;no-repeat&#8221; parallax_sense=&#8221;25&#8243; bg_override=&#8221;ex-full&#8221; css=&#8221;.vc_custom_1506943762897{margin-top: -155px !important;}&#8221;][vc_column][vc_empty_space height=&#8221;80px&#8221;][vc_row_inner][vc_column_inner width=&#8221;1\/2&#8243;][vc_empty_space][vc_custom_heading text=&#8221;RENEWABLE ASSETS MANAGEMENT&#8221; font_container=&#8221;tag:h2|text_align:left|color:%23ffffff&#8221; google_fonts=&#8221;font_family:Roboto%3A100%2C100italic%2C300%2C300italic%2Cregular%2Citalic%2C500%2C500italic%2C700%2C700italic%2C900%2C900italic|font_style:500%20bold%20regular%3A500%3Anormal&#8221;][vc_empty_space][vc_custom_heading text=&#8221;Monitoraggio e gestione in tempo reale per impianti di energia rinnovabile. Facile da installare e configurare senza competenze di programmazione.&#8221; font_container=&#8221;tag:h3|text_align:left|color:%23ffffff&#8221; google_fonts=&#8221;font_family:Roboto%3A100%2C100italic%2C300%2C300italic%2Cregular%2Citalic%2C500%2C500italic%2C700%2C700italic%2C900%2C900italic|font_style:300%20light%20regular%3A300%3Anormal&#8221;][vc_empty_space][\/vc_column_inner][vc_column_inner width=&#8221;1\/2&#8243;][\/vc_column_inner][\/vc_row_inner][vc_row_inner][vc_column_inner width=&#8221;1\/2&#8243; css=&#8221;.vc_custom_1506944520072{background-color: rgba(10,10,10,0.72) !important;*background-color: rgb(10,10,10) !important;border-radius: 15px !important;}&#8221;][\/vc_column_inner][vc_column_inner width=&#8221;1\/2&#8243;][\/vc_column_inner][\/vc_row_inner][vc_empty_space][\/vc_column][\/vc_row][vc_row type=&#8221;vc_default&#8221; bg_type=&#8221;grad&#8221; bg_override=&#8221;ex-full&#8221; bg_grad=&#8221;background:&hellip;<\/p>\n","protected":false},"author":1,"featured_media":0,"parent":0,"menu_order":0,"comment_status":"closed","ping_status":"closed","template":"","meta":[],"_links":{"self":[{"href":"https:\/\/www.smartdatasystem.es\/it\/wp-json\/wp\/v2\/pages\/988"}],"collection":[{"href":"https:\/\/www.smartdatasystem.es\/it\/wp-json\/wp\/v2\/pages"}],"about":[{"href":"https:\/\/www.smartdatasystem.es\/it\/wp-json\/wp\/v2\/types\/page"}],"author":[{"embeddable":true,"href":"https:\/\/www.smartdatasystem.es\/it\/wp-json\/wp\/v2\/users\/1"}],"replies":[{"embeddable":true,"href":"https:\/\/www.smartdatasystem.es\/it\/wp-json\/wp\/v2\/comments?post=988"}],"version-history":[{"count":10,"href":"https:\/\/www.smartdatasystem.es\/it\/wp-json\/wp\/v2\/pages\/988\/revisions"}],"predecessor-version":[{"id":1174,"href":"https:\/\/www.smartdatasystem.es\/it\/wp-json\/wp\/v2\/pages\/988\/revisions\/1174"}],"wp:attachment":[{"href":"https:\/\/www.smartdatasystem.es\/it\/wp-json\/wp\/v2\/media?parent=988"}],"curies":[{"name":"wp","href":"https:\/\/api.w.org\/{rel}","templated":true}]}}